{"id":344,"date":"2022-09-20T16:45:37","date_gmt":"2022-09-20T09:45:37","guid":{"rendered":"https:\/\/dichvudulichtaxivienxuyen.com\/?page_id=344"},"modified":"2022-09-20T17:14:08","modified_gmt":"2022-09-20T10:14:08","slug":"chinh-sach-quy-dinh-chung","status":"publish","type":"page","link":"https:\/\/tienthanhcar.com\/en\/chinh-sach-quy-dinh-chung\/","title":{"rendered":"General policy"},"content":{"rendered":"<p>1\/ <u>B\u1ea2O M\u1eacT<\/u><\/p>\n<ul>\n<li>Ch\u00fang t\u00f4i kh\u00f4ng b\u00e1n ho\u1eb7c cho thu\u00ea th\u00f4ng tin c\u1ee7a b\u1ea1n cho b\u00ean th\u1ee9 ba m\u00e0 kh\u00f4ng c\u00f3 s\u1ef1 cho ph\u00e9p c\u1ee7a b\u1ea1n v\u00e0 ch\u00fang t\u00f4i ch\u1ec9 s\u1eed d\u1ee5ng th\u00f4ng tin c\u1ee7a b\u1ea1n nh\u01b0 \u0111\u01b0\u1ee3c m\u00f4 t\u1ea3 trong<\/li>\n<li>Ch\u00fang t\u00f4i xem b\u1ea3o v\u1ec7 s\u1ef1 ri\u00eang t\u01b0 c\u1ee7a ng\u01b0\u1eddi s\u1eed d\u1ee5ng nh\u01b0 m\u1ed9t nguy\u00ean t\u1eafc quan tr\u1ecdng h\u00e0ng \u0111\u1ea7u. B\u1ea1n c\u00f3 th\u1ec3 xem x\u00e9t l\u1ea1i ch\u00ednh s\u00e1ch b\u1ea3o m\u1eadt hi\u1ec7n t\u1ea1i c\u1ee7a ch\u00fang t\u00f4i t\u1ea1i<\/li>\n<\/ul>\n<p>2\/\u00a0<u>H\u1ea0N CH\u1ebe HO\u1ea0T \u0110\u00d4NG<\/u><\/p>\n<ul>\n<li>Kh\u00f4ng gi\u1edbi h\u1ea1n c\u00e1c bi\u1ec7n ph\u00e1p kh\u1eafc ph\u1ee5c h\u1eadu qu\u1ea3 kh\u00e1c, ch\u00fang t\u00f4i c\u00f3 th\u1ec3 ch\u1ea5m d\u1ee9t s\u1ef1 tham gia c\u1ee7a b\u1ea1n, lo\u1ea1i b\u1ecf th\u00f4ng tin c\u1ee7a b\u1ea1n\u00a0 v\u00e0 t\u1eeb ch\u1ed1i cung c\u1ea5p d\u1ecbch v\u1ee5 n\u1ebfu:\n<ul>\n<li>(a).\u00a0B\u1ea1n \u0111\u00e3 s\u1eed d\u1ee5ng sai m\u1ee5c \u0111\u00edch c\u00e1c c\u00e1c d\u1ecbch v\u1ee5, c\u00f3 h\u00e0nh vi tr\u00e1i ph\u00e1p lu\u1eadt ho\u1eb7c \u0111\u1ea1o \u0111\u1ee9c.<\/li>\n<li>(b).\u00a0ch\u00fang t\u00f4i c\u00f3 c\u0103n c\u1ee9 h\u1ee3p l\u00fd \u0111\u1ec3 nghi ng\u1edd r\u1eb1ng th\u00f4ng tin b\u1ea1n cung c\u1ea5p kh\u00f4ng trung th\u1ef1c ho\u1eb7c kh\u00f4ng ch\u00ednh x\u00e1c.<\/li>\n<li>(c). ch\u00fang t\u00f4i tin r\u1eb1ng h\u00e0nh \u0111\u1ed9ng c\u1ee7a b\u1ea1n l\u00e0 gian l\u1eadn, l\u1eeba \u0111\u1ea3o v\u00e0 c\u00f3 th\u1ec3 g\u00e2y ra t\u1ed5n th\u1ea5t t\u00e0i ch\u00ednh ho\u1eb7c tr\u00e1ch nhi\u1ec7m ph\u00e1p l\u00fd cho\u00a0 ch\u00fang t\u00f4i.<\/li>\n<li>(d). s\u1eed d\u1ee5ng c\u00e1c d\u1ecbch v\u1ee5 v\u1edbi m\u1ee5c \u0111\u00edch th\u01b0\u01a1ng m\u1ea1i m\u00e0 kh\u00f4ng c\u00f3 s\u1ef1 \u0111\u1ed3ng \u00fd tr\u01b0\u1edbc b\u1eb1ng v\u0103n b\u1ea3n \u0111\u1ed3ng \u00fd c\u1ee7a ch\u00fang t\u00f4i.<\/li>\n<li>(e). vi ph\u1ea1m c\u00e1c quy\u1ec1n c\u1ee7a ch\u00fang t\u00f4i ho\u1eb7c b\u00ean th\u1ee9 ba, bao g\u1ed3m nh\u01b0ng kh\u00f4ng gi\u1edbi h\u1ea1n quy\u1ec1n s\u1edf h\u1eefu tr\u00ed tu\u1ec7, quy\u1ec1n t\u00e1c gi\u1ea3, b\u1eb1ng s\u00e1ng ch\u1ebf, th\u01b0\u01a1ng hi\u1ec7u, b\u00ed m\u1eadt th\u01b0\u01a1ng m\u1ea1i ho\u1eb7c c\u00e1c quy\u1ec1n ri\u00eang t\u01b0.<\/li>\n<li>(f). ph\u00e1t t\u00e1n c\u00e1c \u1ee9ng d\u1ee5ng \u0111\u1ed9c h\u1ea1i ho\u1eb7c t\u1ea5n c\u00f4ng chi\u1ebfm \u0111o\u1ea1t quy\u1ec1n \u0111i\u1ec1u khi\u1ec3n h\u1ec7 th\u1ed1ng, d\u1eef li\u1ec7u ho\u1eb7c th\u00f4ng tin c\u00e1 nh\u00e2n.<\/li>\n<\/ul>\n<\/li>\n<\/ul>\n<p>3\/\u00a0<u>KHI\u1ebeU N\u1ea0I V\u00c0 GI\u1ea2I QUY\u1ebeT TRANH CH\u1ea4P<\/u><\/p>\n<ul>\n<li>Th\u00f4ng qua vi\u1ec7c \u0111\u0103ng k\u00fd ho\u1eb7c s\u1eed d\u1ee5ng website v\u00e0 d\u1ecbch v\u1ee5 c\u1ee7a ch\u00fang t\u00f4i, b\u1ea1n m\u1eb7c nhi\u00ean \u0111\u1ed3ng \u00fd v\u00e0 tu\u00e2n th\u1ee7 to\u00e0n b\u1ed9 c\u00e1c quy \u0111\u1ecbnh c\u1ee7a Lu\u1eadt ph\u00e1p Vi\u1ec7t Nam . Trong tr\u01b0\u1eddng h\u1ee3p m\u1ed9t ho\u1eb7c m\u1ed9t s\u1ed1 \u0111i\u1ec1u kho\u1ea3n c\u1ee7a b\u1ea3n Quy \u0111\u1ecbnh s\u1eed d\u1ee5ng n\u00e0y xung \u0111\u1ed9t v\u1edbi c\u00e1c quy \u0111\u1ecbnh c\u1ee7a lu\u1eadt ph\u00e1p v\u00e0 b\u1ecb T\u00f2a \u00e1n coi l\u00e0 v\u00f4 hi\u1ec7u, \u0111i\u1ec1u kho\u1ea3n \u0111\u00f3 s\u1ebd \u0111\u01b0\u1ee3c ch\u1ec9nh s\u1eeda cho ph\u00f9 h\u1ee3p v\u1edbi quy \u0111\u1ecbnh c\u1ee7a ph\u00e1p lu\u1eadt hi\u1ec7n h\u00e0nh, v\u00e0 ph\u1ea7n c\u00f2n l\u1ea1i c\u1ee7a Quy \u0111\u1ecbnh s\u1eed d\u1ee5ng v\u1eabn gi\u1eef nguy\u00ean gi\u00e1 tr\u1ecb.<\/li>\n<\/ul>","protected":false},"excerpt":{"rendered":"<p>1\/ B\u1ea2O M\u1eacT Ch\u00fang t\u00f4i kh\u00f4ng b\u00e1n ho\u1eb7c cho thu\u00ea th\u00f4ng tin c\u1ee7a b\u1ea1n cho b\u00ean th\u1ee9 ba m\u00e0 kh\u00f4ng c\u00f3 s\u1ef1 cho ph\u00e9p c\u1ee7a b\u1ea1n v\u00e0 ch\u00fang t\u00f4i ch\u1ec9 s\u1eed d\u1ee5ng th\u00f4ng tin c\u1ee7a b\u1ea1n nh\u01b0 \u0111\u01b0\u1ee3c m\u00f4 t\u1ea3 trong Ch\u00fang t\u00f4i xem b\u1ea3o v\u1ec7 s\u1ef1 ri\u00eang t\u01b0 c\u1ee7a ng\u01b0\u1eddi s\u1eed d\u1ee5ng nh\u01b0 m\u1ed9t [&#8230;]","protected":false},"author":1,"featured_media":0,"parent":0,"menu_order":0,"comment_status":"closed","ping_status":"closed","template":"page-blank-title-center.php","meta":{"_acf_changed":false,"_uf_show_specific_survey":0,"_uf_disable_surveys":false,"footnotes":""},"class_list":["post-344","page","type-page","status-publish","hentry"],"acf":[],"_links":{"self":[{"href":"https:\/\/tienthanhcar.com\/en\/wp-json\/wp\/v2\/pages\/344","targetHints":{"allow":["GET"]}}],"collection":[{"href":"https:\/\/tienthanhcar.com\/en\/wp-json\/wp\/v2\/pages"}],"about":[{"href":"https:\/\/tienthanhcar.com\/en\/wp-json\/wp\/v2\/types\/page"}],"author":[{"embeddable":true,"href":"https:\/\/tienthanhcar.com\/en\/wp-json\/wp\/v2\/users\/1"}],"replies":[{"embeddable":true,"href":"https:\/\/tienthanhcar.com\/en\/wp-json\/wp\/v2\/comments?post=344"}],"version-history":[{"count":0,"href":"https:\/\/tienthanhcar.com\/en\/wp-json\/wp\/v2\/pages\/344\/revisions"}],"wp:attachment":[{"href":"https:\/\/tienthanhcar.com\/en\/wp-json\/wp\/v2\/media?parent=344"}],"curies":[{"name":"wp","href":"https:\/\/api.w.org\/{rel}","templated":true}]}}