{"id":445,"date":"2022-10-04T20:24:02","date_gmt":"2022-10-04T13:24:02","guid":{"rendered":"https:\/\/dichvudulichtaxivienxuyen.com\/?page_id=445"},"modified":"2022-10-04T20:26:02","modified_gmt":"2022-10-04T13:26:02","slug":"dat-xe","status":"publish","type":"page","link":"https:\/\/tienthanhcar.com\/en\/dat-xe\/","title":{"rendered":"\u0110\u1eb7t xe"},"content":{"rendered":"<div class=\"row\"  id=\"row-1514708006\">\n\n\t<div id=\"col-1223859346\" class=\"col medium-2 small-12 large-2\"  >\n\t\t\t\t<div class=\"col-inner\"  >\n\t\t\t\n\t\t\t\n\t\t<\/div>\n\t\t\t\t\t<\/div>\n\n\t\n\n\t<div id=\"col-446736715\" class=\"col medium-8 small-12 large-8\"  >\n\t\t\t\t<div class=\"col-inner text-center\"  >\n\t\t\t\n\t\t\t\n\t<link rel=\"stylesheet\" href=\"https:\/\/cdnjs.cloudflare.com\/ajax\/libs\/font-awesome\/5.15.1\/css\/all.min.css\">\n\t<script src=\"https:\/\/maps.googleapis.com\/maps\/api\/js?libraries=places&key=AIzaSyC2SMaBcUtoNtbWQybt_WJtbB9GGq5raSg\"><\/script>\n\t<link rel=\"stylesheet\" href=\"https:\/\/tienthanhcar.com\/wp-content\/themes\/flatsome-child\/taxi\/jquery.datetimepicker.min.css\">\n\t<script src=\"https:\/\/tienthanhcar.com\/wp-content\/themes\/flatsome-child\/taxi\/jquery.datetimepicker.full.min.js\"><\/script>\n\t<script src=\"https:\/\/tienthanhcar.com\/wp-content\/themes\/flatsome-child\/taxi\/vn.js\"><\/script>\n\t<style>\n\n\t    #bookcar_form * {\n\t        box-sizing: border-box;\n\t    }\n\t    #bookcar_form form{\n\n\t        margin-bottom: 2px;\n\n\t    }\n\n\t    #bookcar_form{\n\t    \tborder: 5px solid #D6C201;\n\t        background-color: #f8f4da;\n\n\t        border-radius: 8px;\n\n\t        position: relative;\n\n\t        display: flex;\n\n\t        flex-direction: column;\n\n\t        min-width: 0;\n\n\t        word-wrap: break-word;\n\n\t        max-width: 560px;\n\n\t    }\n\n\t    #bookcar_form .title_bookcar{\n\t    \ttext-align: center;\n\t    \tbackground: #F5AA06;\n\t        border-bottom: 1px solid #ccc;\n\n\t        font-size: 18px;\n\n\t        padding: 5px 0 5px 15px;\n\n\t        color: #fff;\n\t        text-transform: uppercase;\n\t        font-weight: bold;\n\n\t        margin-bottom: 0;\n\t        z-index: 9999999999999;\n\n\t    }\n\t\t.input-group-prepend{float:left}\n\t    #bookcar_form fieldset{\n\t          border:0;\n\t        background-color: transparent;\n\n\t        margin: 0;\n\n\t       padding: 15px 3px 15px 15px;\n\n\t    }\n\n\t    #bookcar_form fieldset .form-group,\n\n\t    #bookcar_form fieldset .form-row{\n\n\t        margin-bottom: 6px;\n\n\t    }\n\n\t    #bookcar_form fieldset .form-row .col-md-6{\n\n\t        width: 50%;\n\n\t        float: left;\n\n\t    }\n\n\t    #bookcar_form fieldset .form-group label,\n\n\t    #bookcar_form fieldset .form-row label{\n\t        margin-bottom: 10px !important;\n\t        display: inline-block;\n\t        margin-top: 5px !important;\n\n\t        display: inline-block;\n\n\t        color: #000;\n\n\t    }\n\t    .btn-primary-m {\n\t        color: #fff;\n\t        background-color: #ffcd00 !important;\n\t        outline: 0;\n\t        border:0;\n\t        border-color: #ffcd00 !important;\n\t        box-shadow: none;\n\t    }\n\t    #bookcar_form fieldset .form-group .input-group{\n\n\t        border: 1px solid #c6c9d5;\n\n\t        border-radius: .25rem;\n\n\t        background-color: #fff;\n\n\t        box-shadow: inset 0 1px 0 0 rgba(34,34,48,.05);\n\n\t        -webkit-backface-visibility: hidden;\n\n\t        backface-visibility: hidden;\n\n\t        transition: all .2s ease-in-out;\n\n\t        height: 2.25rem;\n\n\t        padding: 0 10px;\n\n\t            overflow: hidden;\n\n\t            width: 98%;\n\n\t    }\n\n\t    #bookcar_form fieldset .form-row input,\n\n\t    #bookcar_form fieldset .input-group input{\n\n\t        width: 92%;\n\n\t        background: #fff;\n\n\t         height: 2.15rem !important;\n\n\t         border: none;\n\n\t         box-shadow: none;\n\n\t    }\n\n\t    #bookcar_form fieldset .form-row input{\n\n\t        border: 1px solid #c6c9d5;\n\n\t        border-radius: .25rem;\n\n\t        background-color: #fff;\n\n\t        box-shadow: inset 0 1px 0 0 rgba(34,34,48,.05);\n\n\t        height: 2.25rem;\n\n\t        margin-bottom: 5px;\n\n\t    }\n\n\t    #bookcar_form fieldset .form-group .input-group input:focus{\n\n\t        background: transparent;\n\n\t        border: none;\n\n\t        outline: none;\n\n\t    }\n\n\t    #bookcar_form input,\n\n\t    #bookcar_form input:focus{\n\n\t        outline: none !important;\n\n\t    }\n\n\t    #bookcar_form button{\n\n\t        width: 100%;\n\n\t        color: #fff;\n\n\t        background-color: #F5AA06 !important;\n\n\t        border-color: #ffcd00 !important;\n\n\t        box-shadow: none;\n\n\t        padding: 5px 0;\n\n\t        border-radius: 3px;\n\n\t        letter-spacing: 0.5px;\n\n\t        width: 98%;\n\n\t        z-index: 99;\n\t        position: relative;\n\t        display: flex;\n\t            justify-content: center;\n\t            float: left;\n\n\n\t    }\n\t    #bookcar_form select.form-control{\n\t    \twidth: 92%;\n\t    \t    line-height: 33px;\n\t    \t    border: 0;\n\t    \t    outline: 0;\n\t    \t    height: 36px;\n\t    }\n\t    #bookcar_form hr{\n\n\t        margin: 20px 0 15px 0 !important;\n\n\t        width: 98%;\n\n\t    }\n\t    .flatpickr-calendar.open {\n\t        display: inline-block;\n\t        z-index: 99999999999;\n\t    }\n\t    .xdsoft_datetimepicker .xdsoft_calendar td.xdsoft_default, .xdsoft_datetimepicker .xdsoft_calendar td.xdsoft_current, .xdsoft_datetimepicker .xdsoft_timepicker .xdsoft_time_box >div >div.xdsoft_current {\n\t        background: #009355 !important;\n\t        box-shadow: #009355 0 1px 3px 0 inset !important;\n\t    }\n\t    @media screen and (min-width: 767px) {\n\t        \/*#bookcar_form .title_bookcar {  border-bottom: 1px solid #ed1c24;}*\/\n\t        \/*#bookcar_form { background: rgba(248, 248, 248, 0.8470588235294118);}*\/\n\t        #bookcar_form fieldset .form-group, #bookcar_form fieldset .form-row { margin-bottom:0 !important;}\n\t        #bookcar_form fieldset .form-group label, #bookcar_form fieldset .form-row label { margin-bottom: 0;}\n\t    }\n\t    @media screen and (max-width: 600px) { \n\t    \t.form-row .col-md-6 {\n\t    \t\twidth:100% !important;\n\t    \t}\n\t    \t.form-group > label {\n\t    \t\tdisplay: none !important;\n\t    \t}\n\t    \t.hidden-mb{\n\t    \t\tdisplay: none;\n\t    \t}\n\t    }\n\t<\/style>\n\t\t<div id=\"bookcar_form\">\n\n\t    <h3 class=\"title_bookcar\">\u0110\u1eb7t xe \u0111\u01b0\u1eddng d\u00e0i<\/h3>\n\n\t    <form  method=\"post\" action=\"\">\n\n\t        <fieldset>\n\n\t            <div class=\"form-group mb-2\">\n\n\t                <label for=\"pi1\">Nh\u1eadp \u0111i\u1ec3m \u0111\u00f3n<\/label>\n\n\t                <div class=\"input-group\">\n\n\t                    <label class=\"input-group-prepend\" for=\"start_address\">\n\n\t                      <span class=\"input-group-text\" style=\"    background: transparent;\t    border: none;\t    padding-left: 0px; padding-right: 0;\">\n\t    <i class=\"fas fa-map-marker-alt\" style=\"color:red\"><\/i>\n\t<\/span>\n\n\t                    <\/label>\n\n\t                    <input type=\"text\" class=\"form-control pac-target-input\" id=\"origin-input\" name=\"origin-input\" placeholder=\"Nh\u1eadp \u0111i\u1ec3m \u0111\u00f3n\" required=\"\" value=\"\" autocomplete=\"off\">\n\n\t                <\/div><!-- \/.input-group -->\n\n\t            <\/div>\n\n\t            <div class=\"form-group mb-2\">\n\n\t                <label for=\"pi2\" class=\"hidden-mb\">Nh\u1eadp \u0111i\u1ec3m tr\u1ea3<\/label> <!-- .input-group -->\n\n\t                <div class=\"input-group\">\n\n\t                    <label class=\"input-group-prepend\" for=\"end_address\">\n\n\t                        <span class=\"input-group-text\" style=\"    background: transparent;\t    border: none;\t    padding-left: 0px; padding-right: 0;\"><i class=\"fas fa-map-marker-alt\" style=\"color:blue\"><\/i><\/span>\n\n\t                    <\/label>\n\n\t                    <input type=\"text\" class=\"form-control pac-target-input\" name=\"destination-input\" id=\"destination-input\" placeholder=\"Nh\u1eadp \u0111i\u1ec3m tr\u1ea3\" required=\"\" value=\"\" autocomplete=\"off\">\n\n\t                <\/div>\n\n\t            <\/div>\n\n\t            \t<div class=\"form-row mb-2\">\n\t            \t\t<div class=\"col-md-6\">\n\t            \t\t\t        <div class=\"form-group mb-2\">\n\n\t            \t\t\t            <label for=\"pi2\" class=\"hidden-mb\">D\u1ecbch v\u1ee5<\/label> <!-- .input-group -->\n\n\t            \t\t\t            <div class=\"input-group\">\n\n\t            \t\t\t                <label class=\"input-group-prepend\" for=\"end_address\">\n\n\t            \t\t\t                    <span class=\"input-group-text\" style=\"    background: transparent;\t            \t\t\tborder: none;\t            \t\t\tpadding-left: 0px; padding-right: 0;\"><i class=\"fas fa-location-arrow\" style=\"color: green; font-size: 13px;\"><\/i><\/span>\n\n\t            \t\t\t                <\/label>\n\n\t            \t\t\t                <select name=\"book_type\" placeholder=\"D\u1ecbch v\u1ee5\" class=\"form-control\" id=\"book_type\" style=\"padding-left: 10px;\">\n\t            \t\t\t                \t<option value=\"one_point\">Xe 1 chi\u1ec1u<\/option>\n\t            \t\t\t                \t<option value=\"two_point\">Xe 2 chi\u1ec1u<\/option>\n\t            \t\t\t                \n\t            \t\t\t                <\/select>\n\n\t            \t\t\t            <\/div>\n\n\t            \t\t\t        <\/div>\n\t            \t\t<\/div>\n\t            \t\t<div class=\"col-md-6\">\n\t            \t\t\t<div class=\"form-group mb-2\">\n\n\t            \t\t\t            <label for=\"pi2\" class=\"hidden-mb\">Lo\u1ea1i xe<\/label> <!-- .input-group -->\n\n\t            \t\t\t            <div class=\"input-group\">\n\n\t            \t\t\t                <label class=\"input-group-prepend\" for=\"end_address\">\n\n\t            \t\t\t                    <span class=\"input-group-text\" style=\"    background: transparent;\t            \t\t\tborder: none;\t            \t\t\tpadding-left: 0px; padding-right: 0;\"><i class=\"fas fa-car\" style=\"color:red\"><\/i><\/span>\n\n\t            \t\t\t                <\/label>\n\n\t            \t\t\t                <select name=\"car_type\" class=\"form-control\" id=\"car_type\" style=\"padding-left: 10px;\">\n\t            \t\t\t                \t\t            \t\t\t                \t\t<option value=\"Xe 4 ch\u1ed7\">Four-seater car<\/option>\n\t            \t\t\t                \t\t            \t\t\t                \t\t<option value=\"Xe 7 ch\u1ed7\">7-seater vehicle<\/option>\n\t            \t\t\t                \t\t            \t\t\t                \t\t<option value=\"Xe 16 ch\u1ed7\">16-seater vehicle<\/option>\n\t            \t\t\t                \t\t            \t\t\t                \t\t<option value=\"Xe 29 ch\u1ed7\">Xe 29 ch\u1ed7<\/option>\n\t            \t\t\t                \t\t            \t\t\t                \t\t<option value=\"Xe 45 ch\u1ed7\">Xe 45 ch\u1ed7<\/option>\n\t            \t\t\t                \t\t            \t\t\t                <\/select>\n\n\t            \t\t\t            <\/div>\n\n\t            \t\t\t        <\/div>\n\n\t            \t\t<\/div>\n\n\t            \t<\/div>\n\t                    \n\n\t            <div class=\"form-row mb-2\">\n\n\t                <div class=\"col-md-6\">\n\t                \t        <div class=\"form-group mb-2\">\n\n\t                \t            <label for=\"pi2\">Ng\u00e0y \u0111i<\/label> <!-- .input-group -->\n\n\t                \t            <div class=\"input-group\">\n\n\t                \t                <label class=\"input-group-prepend\" for=\"end_address\">\n\n\t                \t                    <span class=\"input-group-text\" style=\"    background: transparent;\t                \tborder: none;\t                \tpadding-left: 0px; padding-right: 0;\"><i class=\"far fa-calendar-alt\"><\/i><\/span>\n\n\t                \t                <\/label>\n\n\t                \t               <input id=\"start_date\" placeholder=\"Ch\u1ecdn ng\u00e0y \u0111i\" name=\"start_date\" type=\"text\" class=\"form-control flatpickr-input\"  value=\"\" readonly=\"readonly\" style=\"border:0\">\n\n\t                \t            <\/div>\n\n\t                \t        <\/div>\n\n\t                    \n\n\t                    \n\n\t                <\/div>\n\n\n\n\t                <div class=\"col-md-6 ngay-ve\">\n\n\t                \t        <div class=\"form-group mb-2\">\n\n\t                \t            <label for=\"pi2\">Ng\u00e0y v\u1ec1<\/label> <!-- .input-group -->\n\n\t                \t            <div class=\"input-group\">\n\n\t                \t                <label class=\"input-group-prepend\" for=\"end_address\">\n\n\t                \t                    <span class=\"input-group-text\" style=\"    background: transparent;\t                \tborder: none;\t                \tpadding-left: 0px; padding-right: 0;\"><i class=\"far fa-calendar-alt\"><\/i><\/span>\n\n\t                \t                <\/label>\n\n\t                \t               <input id=\"end_date\" placeholder=\"Ch\u1ecdn ng\u00e0y v\u1ec1\" name=\"end_date\"  type=\"text\" class=\"form-control flatpickr-input\" value=\"\"  readonly=\"readonly\" style=\"border:0\">\n\n\t                \t            <\/div>\n\n\t                \t        <\/div>\n\t                    \n\n\n\t                <\/div>\n\n\t            <\/div>\n\n\t            \n\n\n\n\t       \n\n\n<!-- \n\t            <div class=\"form-group\">\n\n\t                <div class=\"custom-control custom-radio\">\n\n\t                    <input type=\"radio\" id=\"bookType1\" name=\"book_type\" class=\"custom-control-input\" value=\"1\" checked=\"\">\n\n\t                    <label class=\"custom-control-label\" for=\"bookType1\">1 chi\u1ec1u<\/label>\n\n\t                <\/div>\n\n\t                <div class=\"custom-control custom-radio\">\n\n\t                    <input type=\"radio\" id=\"bookType2\" name=\"book_type\" class=\"custom-control-input\" value=\"2\">\n\n\t                    <label class=\"custom-control-label\" for=\"bookType2\">2 chi\u1ec1u<\/label>\n\n\t                <\/div>\n\n\t            <\/div> -->\n\n\t            <br>\n\n\t            <input type=\"hidden\" name=\"start_lat\" id=\"start_lat\" value=\"\">\n\n\t            <input type=\"hidden\" name=\"start_lng\" id=\"start_lng\" value=\"\">\n\n\t            <input type=\"hidden\" name=\"end_lat\" id=\"end_lat\" value=\"\">\n\n\t            <input type=\"hidden\" name=\"end_lng\" id=\"end_lng\" value=\"\">\n\n\n\n\t            <button class=\"btn-primary-m form-car-btn\" style=\"margin-top: 15px\" type=\"submit\">XEM GI\u00c1<\/button>\n\n\t        <\/fieldset>\n\n\t    <input type=\"hidden\" name=\"trp-form-language\" value=\"en\"\/><\/form>\n\n\t<\/div>\n\n\t<script>\n\t\tjQuery(document).ready(function($) {\n\t\t\t$('.ngay-ve').css('display', 'none');\n\t\t\tvar originPlaceId = null;\n\t\t\tvar destinationPlaceId = null;\n\n\t\t\tvar originInput = document.getElementById('origin-input');\n\t\t\tvar destinationInput = document.getElementById('destination-input');\n\n\n\t\t\tvar originAutocomplete = new google.maps.places.Autocomplete(\n\t\t\t  originInput, {\n\t\t\t    placeIdOnly: true\n\t\t\t  });\n\t\t\tvar destinationAutocomplete = new google.maps.places.Autocomplete(\n\t\t\t  destinationInput, {\n\t\t\t    placeIdOnly: true\n\t\t\t  });\n\n\n\t\t\tconst setupPlaceChangedListener = function(autocomplete, mode) {\n\t\t\t\n\t\t\n\t\t\t  autocomplete.addListener('place_changed', function() {\n\t\t\t    var place = autocomplete.getPlace();\n\t\t\t    if (!place.place_id) {\n\t\t\t      console.log(\"Please select an option from the dropdown list.\");\n\t\t\t      return;\n\t\t\t    }\n\t\t\t    if (mode === 'ORIG') {\n\t\t\t      originPlaceId = place.place_id;\n\t\t\t    } else {\n\t\t\t      destinationPlaceId = place.place_id;\n\t\t\t    }\n\t\t\t  \t\n\t\t\t  });\n\n\t\t\t};\n\n\t\t\tsetupPlaceChangedListener(originAutocomplete, 'ORIG');\n\t\t\tsetupPlaceChangedListener(destinationAutocomplete, 'DEST');\n\t\t\t$('#book_type').change(function(){\n\t\t\t\tif($(this).val() == 'one_point')\n\t\t\t\t\t$('.ngay-ve').css('display', 'none');\n\t\t\t\telse\n\t\t\t\t\t$('.ngay-ve').css('display', 'block');\n\t\t\t})\n\n\t\t\t$('.form-car-btn').click(function(event) {\n\t\t\t\tevent.preventDefault();\n\t\t\t\tif(!originPlaceId || !destinationPlaceId)\n\t\t\t\t{\n\t\t\t\t\talert('Vui l\u00f2ng ch\u1ecdn \u0111\u1ecba \u0111i\u1ec3m kh\u1edfi h\u00e0nh v\u00e0 \u0111i\u1ec3m \u0111\u1ebfn');\n\t\t\t\t\treturn;\n\t\t\t\t}\n\t\t\t\tif($('#book_type').val() != 'one_point')\n\t\t\t\t{\n\t\t\t\t\t\tif($('#start_date').val() == '' || $('#end_date').val() == '')\n\t\t\t\t\t\t{\n\t\t\t\t\t\t\talert('Vui l\u00f2ng ch\u1ecdn th\u1eddi gian \u0111i v\u00e0 v\u1ec1');\n\t\t\t\t\t\t\treturn;\n\t\t\t\t\t\t}\n\t\t\t\t}\n\t\t\t\telse\n\t\t\t\t{\n\t\t\t\t\tif($('#start_date').val() == '')\n\t\t\t\t\t{\n\t\t\t\t\t\talert('Vui l\u00f2ng ch\u1ecdn th\u1eddi gian \u0111i');\n\t\t\t\t\t\treturn;\n\t\t\t\t\t}\n\t\t\t\t}\n\n\n\t\t\t\tlocation.href = `https:\/\/tienthanhcar.com\/chon-xe\/?o=${originPlaceId}&d=${destinationPlaceId}&os=${$('#origin-input').val()}&od=${$('#destination-input').val()}&ed=${$('#start_date').val()}&st=${$('#end_date').val()}&type=${$(\"select[name='book_type']\").val()}&car_type=${$(\"select[name='car_type']\").val()}`;\n\t\t\t});\n\n\n\t\t\t\t\tjQuery.datetimepicker.setLocale('vi');\n\n\t\t\t\t\t$('#start_date').datetimepicker({\n\t\t\t\t\t\tformat: 'd\/m\/Y H:i',\n\t\t\t\t\t\t        language: 'vi',\n\t\t\t\t\t\t        autoclose: true,\n\t\t\t\t\t\t        todayHighlight: true,\n\t\t\t\t\t\t        timepicker: true,\n\t\t\t\t\t\t        step: 15,\n\t\t\t\t\t\t        focusOnShow: false,\n\t\t\t\t\t\t        ignoreReadonly: true,\n\n\t\t\t\t\t});\n\t\t\t\t\t$('#end_date').datetimepicker({\n\t\t\t\t\t\tformat: 'd\/m\/Y H:i',\n\t\t\t\t\t\t        language: 'vi',\n\t\t\t\t\t\t        autoclose: true,\n\t\t\t\t\t\t        todayHighlight: true,\n\t\t\t\t\t\t        timepicker: true,\n\t\t\t\t\t\t        step: 15,\n\t\t\t\t\t\t        focusOnShow: false,\n\t\t\t\t\t\t        ignoreReadonly: true,\n\n\t\t\t\t\t});\n\t\t\t\t\t\/\/ const startDatePicker = datetimepicker('#start_date', {\n\t\t\t\t\t\t\t\t\n\t\t\t\t\t\/\/         });\n\n\t\t\t  \/\/       const endDatePicker = datetimepicker('#end_date', {\n\t\t\t        \t\n\t\t\t  \/\/       });\n\n\n\t\t\t        \/\/ const startTimePicker = flatpickr('#start_time', {\n\t\t\t        \/\/     time_24hr: true,\n\t\t\t        \/\/     noCalendar: true,\n\t\t\t        \/\/     dateFormat: \"Y-m-d H:i\",\n\t\t\t        \/\/     enableTime: true,\n\t\t\t        \/\/     onClose: function (selectedDates, dateStr, instance) {\n\t\t\t        \/\/         if (startDatePicker.input.value == endDatePicker.input.value) {\n\t\t\t        \/\/             endTimePicker.set('minTime', dateStr)\n\t\t\t        \/\/         }\n\t\t\t        \/\/     },\n\t\t\t        \/\/ });\n\n\t\t\t        \/\/ const endTimePicker = flatpickr('#end_time', {\n\t\t\t        \/\/     time_24hr: true,\n\t\t\t        \/\/     noCalendar: true,\n\t\t\t        \/\/     dateFormat: \"Y-m-d H:i\",\n\t\t\t        \/\/     enableTime: true,\n\t\t\t        \/\/     onClose: function (selectedDates, dateStr, instance) {\n\t\t\t        \/\/         if (startDatePicker.input.value == endDatePicker.input.value) {\n\t\t\t        \/\/             startTimePicker.set('maxTime', dateStr)\n\t\t\t        \/\/         }\n\t\t\t        \/\/     },\n\t\t\t        \/\/ });\n\t\t});\n\t\t    \t\n\t<\/script>\n\n\n\t\t<\/div>\n\t\t\t\t\t<\/div>\n\n\t\n\n\t<div id=\"col-1360024893\" class=\"col medium-2 small-12 large-2\"  >\n\t\t\t\t<div class=\"col-inner\"  >\n\t\t\t\n\t\t\t\n\t\t<\/div>\n\t\t\t\t\t<\/div>\n\n\t\n<\/div>","protected":false},"excerpt":{"rendered":"","protected":false},"author":1,"featured_media":0,"parent":0,"menu_order":0,"comment_status":"closed","ping_status":"closed","template":"","meta":{"_acf_changed":false,"_uf_show_specific_survey":0,"_uf_disable_surveys":false,"footnotes":""},"class_list":["post-445","page","type-page","status-publish","hentry"],"acf":[],"_links":{"self":[{"href":"https:\/\/tienthanhcar.com\/en\/wp-json\/wp\/v2\/pages\/445","targetHints":{"allow":["GET"]}}],"collection":[{"href":"https:\/\/tienthanhcar.com\/en\/wp-json\/wp\/v2\/pages"}],"about":[{"href":"https:\/\/tienthanhcar.com\/en\/wp-json\/wp\/v2\/types\/page"}],"author":[{"embeddable":true,"href":"https:\/\/tienthanhcar.com\/en\/wp-json\/wp\/v2\/users\/1"}],"replies":[{"embeddable":true,"href":"https:\/\/tienthanhcar.com\/en\/wp-json\/wp\/v2\/comments?post=445"}],"version-history":[{"count":0,"href":"https:\/\/tienthanhcar.com\/en\/wp-json\/wp\/v2\/pages\/445\/revisions"}],"wp:attachment":[{"href":"https:\/\/tienthanhcar.com\/en\/wp-json\/wp\/v2\/media?parent=445"}],"curies":[{"name":"wp","href":"https:\/\/api.w.org\/{rel}","templated":true}]}}