{"id":89,"date":"2022-09-19T03:01:44","date_gmt":"2022-09-19T03:01:44","guid":{"rendered":"https:\/\/dichvudulichtaxivienxuyen.com\/?page_id=89"},"modified":"2024-05-10T19:01:31","modified_gmt":"2024-05-10T12:01:31","slug":"ve-chung-toi","status":"publish","type":"page","link":"https:\/\/tienthanhcar.com\/en\/ve-chung-toi\/","title":{"rendered":"ABOUT US"},"content":{"rendered":"<section class=\"section\" id=\"section_696765234\">\n\t\t<div class=\"section-bg fill\" >\n\t\t\t\t\t\t\t\t\t\n\t\t\t\n\n\t\t<\/div>\n\n\t\t\n\n\t\t<div class=\"section-content relative\">\n\t\t\t\n\t\t<\/div>\n\n\t\t\n<style>\n#section_696765234 {\n  padding-top: 30px;\n  padding-bottom: 30px;\n}\n<\/style>\n\t<\/section>\n\t\n<div class=\"row\"  id=\"row-1411718088\">\n<\/div>\n\n\t<div id=\"col-1383877287\" class=\"col small-12 large-12\"  >\n\t\t\t\t<div class=\"col-inner\"  >\n\t\t\t\n\t\t\t\n\t\t<\/div>\n\t\t\t\t\t<\/div>\n\n\t\n<div class=\"container section-title-container\" style=\"margin-bottom:0px;\"><h1 class=\"section-title section-title-center\"><b aria-hidden=\"true\"><\/b><span class=\"section-title-main\" >V\u1ec1 ch\u00fang t\u00f4i<\/span><b aria-hidden=\"true\"><\/b><\/h1><\/div>\n<p><strong>K\u00ednh ch\u00e0o Qu\u00fd Kh\u00e1ch!<\/strong><br \/>L\u1eddi \u0111\u1ea7u ti\u00ean xin ch\u00e2n th\u00e0nh c\u1ea3m \u01a1n Qu\u00fd Kh\u00e1ch H\u00e0ng \u0111\u00e3 tin t\u01b0\u1edfng s\u1eed d\u1ee5ng d\u1ecbch v\u1ee5 c\u1ee7a Ch\u00fang T\u00f4i.<\/p>\n<p><span style=\"color: #ed1c24;\">Ti\u1ebfn Th\u00e0nh Car Rental<\/span>\u00a0ho\u1ea1t \u0111\u1ed9ng v\u1edbi s\u1ef1 \u0111i\u1ec1u h\u00e0nh c\u1ee7a \u0111\u1ed9i ng\u0169 chuy\u00ean vi\u00ean c\u00f3 th\u00e2m ni\u00ean h\u01a1n 10 n\u0103m kinh nghi\u1ec7m trong ngh\u1ec1 D\u1ecbch V\u1ee5 V\u1eadn T\u1ea3i.<\/p>\n<p>Ch\u00fang T\u00f4i lu\u00f4n lu\u00f4n n\u1ed7 l\u1ef1c \u0111\u1ec3 ph\u1ee5c v\u1ee5 Qu\u00fd Kh\u00e1ch H\u00e0ng m\u1ed9t c\u00e1ch t\u1ed1t nh\u1ea5t, tuy r\u1eb1ng s\u1ebd c\u00f3 nh\u1eefng sai s\u00f3t trong qu\u00e1 tr\u00ecnh ph\u1ee5c v\u1ee5, nh\u01b0ng Ch\u00fang T\u00f4i th\u1ea5y \u0111\u01b0\u1ee3c s\u1ef1 th\u00f4ng c\u1ea3m r\u1ea5t l\u1edbn t\u1eeb ph\u00eda Qu\u00fd Kh\u00e1ch.<\/p>\n<p>\u0110\u00f3 l\u00e0 m\u1ed9t trong nh\u1eefng y\u1ebfu t\u1ed1 ti\u1ebfp th\u00eam \u0111\u1ed9ng l\u1ef1c cho Ch\u00fang T\u00f4i \u0111\u1ec3 Ch\u00fang T\u00f4i ti\u1ebfp t\u1ee5c n\u1ed7 l\u1ef1c h\u01a1n n\u1eefa \u0111\u1ec3 mang l\u1ea1i m\u1ed9t d\u1ecbch v\u1ee5 thu\u00ea xe c\u00f3 t\u00e0i \u0111i t\u1ec9nh t\u1ed1t nh\u1ea5t cho Qu\u00fd Kh\u00e1ch.<\/p>\n<p><strong>V\u1edbi cam k\u1ebft m\u1ea1nh m\u1ebd \u0111\u1ebfn Qu\u00fd Kh\u00e1ch:<\/strong><\/p>\n<p>\u2013 Cam k\u1ebft gi\u00e1 r\u1ebb, ch\u1ea5t l\u01b0\u1ee3ng cao<\/p>\n<p>\u2013 100% xe t\u1eeb 4 -&gt; 45 ch\u1ed7 \u0111\u1eddi m\u1edbi, sang tr\u1ecdng<\/p>\n<p>\u2013 T\u00e0i x\u1ebf th\u00e2n thi\u1ec7n, nhi\u1ec7t t\u00ecnh, l\u1ecbch s\u1ef1<\/p>\n<p>Ch\u00fang T\u00f4i hy v\u1ecdng s\u1ebd mang \u0111\u1ebfn cho Qu\u00fd kh\u00e1ch d\u1ecbch v\u1ee5 ch\u1ea5t l\u01b0\u1ee3ng cao, lu\u00f4n l\u1ef1a ch\u1ecdn t\u1ed1t nh\u1ea5t c\u1ee7a Qu\u00fd kh\u00e1ch khi c\u1ea7n thu\u00ea xe.<\/p>\n<p>Tr\u00e2n Tr\u1ecdng !<\/p>","protected":false},"excerpt":{"rendered":"<p>K\u00ednh ch\u00e0o Qu\u00fd Kh\u00e1ch!L\u1eddi \u0111\u1ea7u ti\u00ean xin ch\u00e2n th\u00e0nh c\u1ea3m \u01a1n Qu\u00fd Kh\u00e1ch H\u00e0ng \u0111\u00e3 tin t\u01b0\u1edfng s\u1eed d\u1ee5ng d\u1ecbch v\u1ee5 c\u1ee7a Ch\u00fang T\u00f4i. Ti\u1ebfn Th\u00e0nh Car Rental\u00a0ho\u1ea1t \u0111\u1ed9ng v\u1edbi s\u1ef1 \u0111i\u1ec1u h\u00e0nh c\u1ee7a \u0111\u1ed9i ng\u0169 chuy\u00ean vi\u00ean c\u00f3 th\u00e2m ni\u00ean h\u01a1n 10 n\u0103m kinh nghi\u1ec7m trong ngh\u1ec1 D\u1ecbch V\u1ee5 V\u1eadn T\u1ea3i. Ch\u00fang T\u00f4i lu\u00f4n [&#8230;]","protected":false},"author":1,"featured_media":0,"parent":0,"menu_order":0,"comment_status":"closed","ping_status":"closed","template":"page-blank.php","meta":{"_acf_changed":false,"_uf_show_specific_survey":0,"_uf_disable_surveys":false,"footnotes":""},"class_list":["post-89","page","type-page","status-publish","hentry"],"acf":[],"_links":{"self":[{"href":"https:\/\/tienthanhcar.com\/en\/wp-json\/wp\/v2\/pages\/89","targetHints":{"allow":["GET"]}}],"collection":[{"href":"https:\/\/tienthanhcar.com\/en\/wp-json\/wp\/v2\/pages"}],"about":[{"href":"https:\/\/tienthanhcar.com\/en\/wp-json\/wp\/v2\/types\/page"}],"author":[{"embeddable":true,"href":"https:\/\/tienthanhcar.com\/en\/wp-json\/wp\/v2\/users\/1"}],"replies":[{"embeddable":true,"href":"https:\/\/tienthanhcar.com\/en\/wp-json\/wp\/v2\/comments?post=89"}],"version-history":[{"count":0,"href":"https:\/\/tienthanhcar.com\/en\/wp-json\/wp\/v2\/pages\/89\/revisions"}],"wp:attachment":[{"href":"https:\/\/tienthanhcar.com\/en\/wp-json\/wp\/v2\/media?parent=89"}],"curies":[{"name":"wp","href":"https:\/\/api.w.org\/{rel}","templated":true}]}}