{"id":1987,"date":"2024-05-13T14:23:06","date_gmt":"2024-05-13T07:23:06","guid":{"rendered":"https:\/\/tienthanhcar.com\/?post_type=product&#038;p=1987"},"modified":"2024-05-13T16:41:29","modified_gmt":"2024-05-13T09:41:29","slug":"universe-29-cho","status":"publish","type":"product","link":"https:\/\/tienthanhcar.com\/en\/product\/universe-29-cho\/","title":{"rendered":"Universe 29-seater"},"content":{"rendered":"<p>Gi\u00e1 c\u1ea3 c\u00f3 th\u1ec3 thay \u0111\u1ed5i theo t\u1eebng \u0111\u1eddi xe, phi\u00ean b\u1ea3n xe v\u00e0 th\u1eddi gian thu\u00ea.<\/p>\n<p>Vui l\u00f2ng ghi ch\u00fa trong \u0111\u01a1n h\u00e0ng (ho\u1eb7c li\u00ean h\u1ec7 tr\u1ef1c ti\u1ebfp) \u0111\u1ec3 nh\u1eadn \u0111\u01b0\u1ee3c gi\u00e1 t\u1ed1t nh\u1ea5t.<\/p>","protected":false},"excerpt":{"rendered":"<p>Th\u01b0\u01a1ng hi\u1ec7u: Samco \/ Thaco \/ Hyunhdai<\/p>\n<p>S\u1ed1 ch\u1ed7 ng\u1ed3i: 29<\/p>\n<p>M\u00e0u s\u1eafc: Nhi\u1ec1u m\u00e0u<\/p>\n<p>\u0110\u1eddi xe: T\u1eeb 2021 tr\u1edf l\u00ean<\/p>","protected":false},"featured_media":1993,"comment_status":"open","ping_status":"closed","template":"","meta":{"_acf_changed":false,"_uf_show_specific_survey":0,"_uf_disable_surveys":false},"product_brand":[],"product_cat":[34],"product_tag":[],"class_list":{"0":"post-1987","1":"product","2":"type-product","3":"status-publish","4":"has-post-thumbnail","6":"product_cat-xe-29-45-cho","8":"first","9":"instock","10":"sold-individually","11":"shipping-taxable","12":"purchasable","13":"product-type-variable"},"acf":[],"_links":{"self":[{"href":"https:\/\/tienthanhcar.com\/en\/wp-json\/wp\/v2\/product\/1987","targetHints":{"allow":["GET"]}}],"collection":[{"href":"https:\/\/tienthanhcar.com\/en\/wp-json\/wp\/v2\/product"}],"about":[{"href":"https:\/\/tienthanhcar.com\/en\/wp-json\/wp\/v2\/types\/product"}],"replies":[{"embeddable":true,"href":"https:\/\/tienthanhcar.com\/en\/wp-json\/wp\/v2\/comments?post=1987"}],"wp:featuredmedia":[{"embeddable":true,"href":"https:\/\/tienthanhcar.com\/en\/wp-json\/wp\/v2\/media\/1993"}],"wp:attachment":[{"href":"https:\/\/tienthanhcar.com\/en\/wp-json\/wp\/v2\/media?parent=1987"}],"wp:term":[{"taxonomy":"product_brand","embeddable":true,"href":"https:\/\/tienthanhcar.com\/en\/wp-json\/wp\/v2\/product_brand?post=1987"},{"taxonomy":"product_cat","embeddable":true,"href":"https:\/\/tienthanhcar.com\/en\/wp-json\/wp\/v2\/product_cat?post=1987"},{"taxonomy":"product_tag","embeddable":true,"href":"https:\/\/tienthanhcar.com\/en\/wp-json\/wp\/v2\/product_tag?post=1987"}],"curies":[{"name":"wp","href":"https:\/\/api.w.org\/{rel}","templated":true}]}}